{"id":232,"date":"2023-06-27T15:55:01","date_gmt":"2023-06-27T13:55:01","guid":{"rendered":"https:\/\/hirschberg-ferienhaus.de\/?page_id=232"},"modified":"2023-06-27T16:37:58","modified_gmt":"2023-06-27T14:37:58","slug":"ausflugstipps","status":"publish","type":"page","link":"https:\/\/hirschberg-ferienhaus.de\/?page_id=232","title":{"rendered":"Ausflugstipps"},"content":{"rendered":"\n<h2 class=\"wp-block-heading\">Wanderparadies Arnsberger Wald<\/h2>\n\n\n\n<p>650 km Wanderwege f\u00fchren durch den Naturpark Arnsberger Wald. Hirschberg ist ein perfekter Ausgangsort f\u00fcr sch\u00f6ne und erlebnisreiche Wanderungen durch das Sauerland. Genau an der Kreuzung dieser Wanderrouten liegt unser Ferienhaus. Inmitten der sch\u00f6nsten Natur mit dichten W\u00e4ldern, weiten Feldern, Seen und Wasserl\u00e4ufen finden sich interessante Ausflugsziele in der n\u00e4heren Umgebung.<\/p>\n\n\n\n<h2 class=\"wp-block-heading\">Bilsteinh\u00f6hle und Wildpark<\/h2>\n\n\n\n<p>Die Tropfsteinh\u00f6hle wurde 1887 entdeckt. Unter der Erdoberfl\u00e4che liegt ein faszinierendes Labyrinth aus Stalakmiten und Stalaktiten, erschaffen durch das kalkhaltige Sickerwasser des Bilsteinbachs. Das H\u00f6hlensystem ist in etwa 1850 Meter lang, davon k\u00f6nnen 400 Meter bei einer F\u00fchrung entlang der au\u00dfergew\u00f6hnlichsten Formationen besichtigt werden.<br>Im Wildpark des Bilsteintals gibt es z.B. Sikahirsche, Luchse, Wildschweine, F\u00fcchse, Dam- und Rotwild, Waschb\u00e4ren zu sehen. Hunde sind erlaubt. Der Besuch des Wildparks ist kostenfrei.<\/p>\n\n\n\n<p>Tropfsteinh\u00f6hle und Wildpark zwischen Warstein und Hirschberg sind ca. 4 Kilometer entfernt, auch zu Fu\u00df zu erreichen.<\/p>\n\n\n\n<h2 class=\"wp-block-heading\">L\u00f6rmecke-Turm<\/h2>\n\n\n\n<p>Der filigrane Aussichtsturm mit 35 Metern H\u00f6he liegt mitten im Naturpark Arnsberger Wald in der N\u00e4he des Gebirgspasses Stimm-Stamm (541 m). Man erreicht ihn bei einer Wanderung auf der Sauerland Waldroute. Die Aussichtsplattform liegt 615 \u00fcber dem Meeresspiegel. An klaren Tagen hat man einen atemberaubenden Panoramablick bis in die Westf\u00e4lische Bucht &#8211; manche sagen sogar bis zum Hermanns-Denkmal im Teutoburger Wald.<\/p>\n\n\n\n<p>Der L\u00f6rmecke-Turm ist 10 km mit dem Auto, 8km zu Fu\u00df von Hirschberg entfernt. Ein Parkplatz ca. 2,5 km entfernt.<\/p>\n\n\n\n<h2 class=\"wp-block-heading\">Warsteiner Brauerei<\/h2>\n\n\n\n<p>Warstein ist weit \u00fcber Deutschland hinaus vor allem wegen seines Bieres bekannt: \u201eDas einzig Wahre: Warsteiner.\u201c<\/p>\n\n\n\n<p>Die Sauerl\u00e4nder Traditionsbrauerei wurde 1753 gegr\u00fcndet, wird<br>heute in neunter Generation gef\u00fchrt und kann im Rahmen einer kurzweiligen F\u00fchrung besichtigt werden. Die Brauerei ist ca. 10 km entfernt.<\/p>\n\n\n\n<h2 class=\"wp-block-heading\">Warsteiner Mongolfiade<\/h2>\n\n\n\n<p>Mehr als hei\u00dfe Luft: Seit 1986 treffen sich einmal im Jahr in der ersten Septemberwoche \u00fcber 100000 Zuschauer und mehr als 200 internationale Ballonfahrer, um den Himmel \u00fcber Warstein zu erobern.<\/p>\n\n\n\n<h2 class=\"wp-block-heading\">M\u00f6hnesee<\/h2>\n\n\n\n<p>Die Sauerl\u00e4nder Waldroute f\u00fchrt auch zum M\u00f6hnesee. Dieser ist mit seinen vier Abschnitten \u00fcber 10 Kilometer lang, an der tiefsten Stelle 36 Meter tief und rund 1037 Hektar gro\u00df.<\/p>\n\n\n\n<p>Man kann angeln, Boote mieten, tauchen, schwimmen, spazieren gehen, radfahren, eine Rundfahrt mit der \u201eMS M\u00f6hnesee&#8220; machen oder den M\u00f6hneseeturm besteigen.<\/p>\n\n\n\n<p>Der M\u00f6hnesee ist ca. 18 Kilometer entfernt.<\/p>\n\n\n\n<h2 class=\"wp-block-heading\">Hennesee<\/h2>\n\n\n\n<p>Der Hennesee ist 7 Kilometer lang und rund 213 Hektar gro\u00df. Man kann an dem Stausee angeln, schwimmen, spazieren gehen oder eine Rundfahrtmit der \u201eMS\u00a0Hennesee&#8220; machen. Am Ufer wartet auf die Besucher der Sinne Pfad, die Himmelstreppe hinauf auf die 57 Meter hohe und 276 Meter langen Hennetalsperre.<\/p>\n\n\n\n<p>Der Hennesee ist ca. 16 Kilometer entfernt.<\/p>\n\n\n\n<h2 class=\"wp-block-heading\">Dr\u00fcggelter Kapelle<\/h2>\n\n\n\n<p>Architektonisch interessanter, mythischer Sakralbau aus dem 12. Jh. auf dem Gutshof Schulte-Dr\u00fcggelte, Dr\u00fcggelter Weg 5, 59519 M\u00f6hnesee. Ob urspr\u00fcnglich heidnische Wurzeln, ob christliche Taufkapelle oder von r\u00fcckkehrenden Kreuzrittern erbaut ist unklar. Im puristischen Innenraum, der f\u00fcr Musikveranstaltungen eine hervorragende Akustik bietet (Dr\u00fcggelter Kunstst\u00fcckchen, Klassik &amp; Jazz zu Pfingsten), tragen 16 S\u00e4ulen ein Kreuzgew\u00f6lbe.<\/p>\n\n\n\n<h2 class=\"wp-block-heading\">Soest<\/h2>\n\n\n\n<p>Seit der Hanse die \u201eheimliche Hauptstadt Westfalens\u201c. Einmaliges Anr\u00f6chter Gr\u00fcnsandsteinensemble der Soester Altstadt. Die weithin sichtbare, imposante Kirchensilhouette aus Patroklidom, St.Petri, St.Maria zur Wiese, St.Maria zur H\u00f6he, Alt St.Thom\u00e4 und Neu St.Thom\u00e4 sowie die fast vollst\u00e4ndig erhaltene Stadtumwallung, Patrizier- und Fachwerkh\u00e4user, verwinkelte Gassen und pl\u00e4tschernde Bachl\u00e4ufe, das Gr\u00fcnsandsteinmuseum, das LiebesLebenMuseum im Hochbunker und das Burghofmuseum zu Kunst- und Stadtgeschichte sind nur einige Beispiele. Tempor\u00e4re Attraktionen sind die Allerheiligenkirmes im November, die gr\u00f6\u00dfte Altstadtkirmes Europas, die \u201eSoester Fehde\u201c ein bedeutender Mittelaltermarkt im August und der romantische Weihnachtmarkt.<\/p>\n\n\n\n<h2 class=\"wp-block-heading\">Fort Fun Freizeitpark \/ Abenteuerland<\/h2>\n\n\n\n<p>Das Fort Fun ist der gr\u00f6\u00dfte Freizeitpark im Sauerland, weitgehend im Wildwest-Stil gestaltet. <\/p>\n\n\n\n<p>Hier kann die ganze Familie Spa\u00df haben. Auf 75 Hektar kann man hier etwa 40 Attraktionen und zwei Shows besuchen, z. B. Achterbahn, Wildwasserbahn, Sommerrodelbahn, Indoor-Erlebniswelt oder Western Showprogramme.<\/p>\n\n\n\n<p>Fort Fun ist 30 km entfernt.<\/p>\n\n\n\n<h2 class=\"wp-block-heading\">Besucherbergwerk Ramsbeck<\/h2>\n\n\n\n<p>Erlebnisreicher und informativer Besuch eines ehemaligen Erzbergwerks.<\/p>\n\n\n\n<p>Hier wurden bis 1974 Zink- und Bleierze und etwas Silber abgebaut. Vom Schreibtisch des letzten Bergwerksdirektors, dem Schalter der Lohnausgabe, der Kaue, dem ehemaligen Umkleide- und Waschraum, glitzernden Mineralien bis zur Einfahrt in das 300m m tiefe Bergwerk bei jedem Wetter sehr beeindruckend f\u00fcr Jung und Alt.<\/p>\n\n\n\n<h2 class=\"wp-block-heading\">Sauerland-Museum Arnsberg<\/h2>\n\n\n\n<p>Im Geb\u00e4udekomplex aus Landsberger Hof, Blauem Haus und mit Architekturpreisen ausgezeichnetem Neubau wird die Geschichte und das Leben der Menschen im Sauerland nachgezeichnet.<\/p>\n\n\n\n<p>Unter einem Dach werden Ihnen Neandertaler, Ritter und Kurf\u00fcrsten begegnen. Der Nationalsozialismus in der Region, der in Meschede geborene K\u00fcnstler August Macke, die Nachkriegszeit mit dem in Arnsberg gefertigten Kleinschnittger, dem ersten Roadster und Nachkriegs-\u201eVolkswagen aus dem Sauerland\u201c sind sehr sehenswert.<\/p>\n","protected":false},"excerpt":{"rendered":"<p>Wanderparadies Arnsberger Wald 650 km Wanderwege f\u00fchren durch den Naturpark Arnsberger Wald. Hirschberg ist ein perfekter Ausgangsort f\u00fcr sch\u00f6ne und erlebnisreiche Wanderungen durch das Sauerland. Genau an der Kreuzung dieser Wanderrouten liegt unser Ferienhaus. Inmitten der sch\u00f6nsten Natur mit dichten W\u00e4ldern, weiten Feldern, Seen und Wasserl\u00e4ufen finden sich interessante Ausflugsziele in der n\u00e4heren Umgebung. Bilsteinh\u00f6hle [&hellip;]<\/p>\n","protected":false},"author":3,"featured_media":0,"parent":0,"menu_order":0,"comment_status":"closed","ping_status":"closed","template":"","meta":{"footnotes":""},"class_list":["post-232","page","type-page","status-publish","hentry"],"_links":{"self":[{"href":"https:\/\/hirschberg-ferienhaus.de\/index.php?rest_route=\/wp\/v2\/pages\/232","targetHints":{"allow":["GET"]}}],"collection":[{"href":"https:\/\/hirschberg-ferienhaus.de\/index.php?rest_route=\/wp\/v2\/pages"}],"about":[{"href":"https:\/\/hirschberg-ferienhaus.de\/index.php?rest_route=\/wp\/v2\/types\/page"}],"author":[{"embeddable":true,"href":"https:\/\/hirschberg-ferienhaus.de\/index.php?rest_route=\/wp\/v2\/users\/3"}],"replies":[{"embeddable":true,"href":"https:\/\/hirschberg-ferienhaus.de\/index.php?rest_route=%2Fwp%2Fv2%2Fcomments&post=232"}],"version-history":[{"count":5,"href":"https:\/\/hirschberg-ferienhaus.de\/index.php?rest_route=\/wp\/v2\/pages\/232\/revisions"}],"predecessor-version":[{"id":252,"href":"https:\/\/hirschberg-ferienhaus.de\/index.php?rest_route=\/wp\/v2\/pages\/232\/revisions\/252"}],"wp:attachment":[{"href":"https:\/\/hirschberg-ferienhaus.de\/index.php?rest_route=%2Fwp%2Fv2%2Fmedia&parent=232"}],"curies":[{"name":"wp","href":"https:\/\/api.w.org\/{rel}","templated":true}]}}